{"id":233,"date":"2025-10-20T18:46:08","date_gmt":"2025-10-20T18:46:08","guid":{"rendered":"https:\/\/dermadia.im-nomade.com\/?post_type=product&#038;p=233"},"modified":"2025-10-21T13:25:50","modified_gmt":"2025-10-21T13:25:50","slug":"hydramelon-plumping-hydrating-serum-30ml","status":"publish","type":"product","link":"https:\/\/dermadia.im-nomade.com\/ar\/produit\/hydramelon-plumping-hydrating-serum-30ml\/","title":{"rendered":"Hydramelon Plumping &#038; Hydrating Serum | 30ml"},"content":{"rendered":"","protected":false},"excerpt":{"rendered":"<p class=\"product__text\">D\u00e9couvrez notre S\u00e9rum Hydramelon \u00e0 l&#8217;extrait de past\u00e8que pour une peau hydrat\u00e9e en toute douceur.<\/p>\n<p class=\"product__text\">\ud83c\udf49 Adieu \u00e0 la peau assoiff\u00e9e, redonne de l&#8217;hydratation !<\/p>\n<p class=\"product__text\">\ud83d\ude0c Unifie le teint et repulpe la peau.<\/p>\n<p class=\"product__text\">\ud83d\udee1\ufe0f Prot\u00e8ge et revitalise la peau.<\/p>","protected":false},"featured_media":234,"comment_status":"open","ping_status":"closed","template":"","meta":{"_acf_changed":false},"product_brand":[],"product_cat":[21],"product_tag":[],"class_list":{"0":"post-233","1":"product","2":"type-product","3":"status-publish","4":"has-post-thumbnail","6":"product_cat-serums","8":"first","9":"instock","10":"sale","11":"taxable","12":"shipping-taxable","13":"purchasable","14":"product-type-variable"},"acf":[],"_links":{"self":[{"href":"https:\/\/dermadia.im-nomade.com\/ar\/wp-json\/wp\/v2\/product\/233","targetHints":{"allow":["GET"]}}],"collection":[{"href":"https:\/\/dermadia.im-nomade.com\/ar\/wp-json\/wp\/v2\/product"}],"about":[{"href":"https:\/\/dermadia.im-nomade.com\/ar\/wp-json\/wp\/v2\/types\/product"}],"replies":[{"embeddable":true,"href":"https:\/\/dermadia.im-nomade.com\/ar\/wp-json\/wp\/v2\/comments?post=233"}],"wp:featuredmedia":[{"embeddable":true,"href":"https:\/\/dermadia.im-nomade.com\/ar\/wp-json\/wp\/v2\/media\/234"}],"wp:attachment":[{"href":"https:\/\/dermadia.im-nomade.com\/ar\/wp-json\/wp\/v2\/media?parent=233"}],"wp:term":[{"taxonomy":"product_brand","embeddable":true,"href":"https:\/\/dermadia.im-nomade.com\/ar\/wp-json\/wp\/v2\/product_brand?post=233"},{"taxonomy":"product_cat","embeddable":true,"href":"https:\/\/dermadia.im-nomade.com\/ar\/wp-json\/wp\/v2\/product_cat?post=233"},{"taxonomy":"product_tag","embeddable":true,"href":"https:\/\/dermadia.im-nomade.com\/ar\/wp-json\/wp\/v2\/product_tag?post=233"}],"curies":[{"name":"wp","href":"https:\/\/api.w.org\/{rel}","templated":true}]}}